{"id":665,"date":"2018-11-02T12:03:34","date_gmt":"2018-11-02T11:03:34","guid":{"rendered":"http:\/\/texcon.de\/_texcon_wordpress\/?page_id=665"},"modified":"2019-02-08T15:02:50","modified_gmt":"2019-02-08T14:02:50","slug":"floater","status":"publish","type":"page","link":"https:\/\/texcon.de\/?page_id=665","title":{"rendered":"Floater"},"content":{"rendered":"<p><br \/>\n<img loading=\"lazy\" title=\"Floater blue\" src=\"https:\/\/texcon.de\/_texcon_wordpress\/wp-content\/uploads\/2018\/11\/Floater-blue.jpg\" alt=\"Floater blue\" width=\"800\" height=\"452\" \/><\/p>\n<p><strong>Floater<\/strong><\/p>\n<p>Auftriebsk\u00f6rper als Nutzlastschwimmer mit aktiver und passiver Bef\u00fcllung. Extrem kompaktes Design f\u00fcr kleinste Packmasse und Gewichte. Einzigartiges Herstellungsverfahren aus Hochleistungs-Textilien\u00a0in einer Kombination aus Ultraschall- und\u00a0Hochfrequenz F\u00fcgeverfahren mit N\u00e4htechnik und Bonding.<\/p>\n<p>Auftriebsneutrale und wasserdruckbest\u00e4ndige Packsysteme bis 2000 Meter Tauchtiefe und Quick-Release Systeme mit Daisy-Chain f\u00fcr die H\u00f6henausl\u00f6sung stehen zur Verf\u00fcgung.<\/p>\n<p>Auch geeignet\u00a0f\u00fcr Fallschirmabw\u00fcrfe \u00fcber Wasser mit automatischem Aufblassystem. Anwendungsgerechte Sensorik kann integriert werden.<\/p>\n<p><img loading=\"lazy\" title=\"Image-1\" src=\"https:\/\/texcon.de\/_texcon_wordpress\/wp-content\/uploads\/2018\/11\/Image-1.jpg\" alt=\"Image-1\" width=\"1920\" height=\"1080\" \/><\/p>\n","protected":false},"excerpt":{"rendered":"<p>Floater Auftriebsk\u00f6rper als Nutzlastschwimmer mit aktiver und passiver Bef\u00fcllung. Extrem kompaktes Design f\u00fcr kleinste Packmasse und Gewichte. Einzigartiges Herstellungsverfahren aus Hochleistungs-Textilien\u00a0in einer Kombination aus Ultraschall- und\u00a0Hochfrequenz F\u00fcgeverfahren mit N\u00e4htechnik und Bonding. Auftriebsneutrale und wasserdruckbest\u00e4ndige Packsysteme bis 2000 Meter Tauchtiefe und Quick-Release Systeme mit Daisy-Chain f\u00fcr die H\u00f6henausl\u00f6sung stehen zur Verf\u00fcgung. Auch geeignet\u00a0f\u00fcr Fallschirmabw\u00fcrfe \u00fcber Wasser&#8230;<\/p>\n","protected":false},"author":1,"featured_media":0,"parent":21,"menu_order":0,"comment_status":"closed","ping_status":"closed","template":"full-width-page.php","meta":[],"_links":{"self":[{"href":"https:\/\/texcon.de\/index.php?rest_route=\/wp\/v2\/pages\/665"}],"collection":[{"href":"https:\/\/texcon.de\/index.php?rest_route=\/wp\/v2\/pages"}],"about":[{"href":"https:\/\/texcon.de\/index.php?rest_route=\/wp\/v2\/types\/page"}],"author":[{"embeddable":true,"href":"https:\/\/texcon.de\/index.php?rest_route=\/wp\/v2\/users\/1"}],"replies":[{"embeddable":true,"href":"https:\/\/texcon.de\/index.php?rest_route=%2Fwp%2Fv2%2Fcomments&post=665"}],"version-history":[{"count":8,"href":"https:\/\/texcon.de\/index.php?rest_route=\/wp\/v2\/pages\/665\/revisions"}],"predecessor-version":[{"id":1125,"href":"https:\/\/texcon.de\/index.php?rest_route=\/wp\/v2\/pages\/665\/revisions\/1125"}],"up":[{"embeddable":true,"href":"https:\/\/texcon.de\/index.php?rest_route=\/wp\/v2\/pages\/21"}],"wp:attachment":[{"href":"https:\/\/texcon.de\/index.php?rest_route=%2Fwp%2Fv2%2Fmedia&parent=665"}],"curies":[{"name":"wp","href":"https:\/\/api.w.org\/{rel}","templated":true}]}}