{"id":651,"date":"2018-11-01T17:13:58","date_gmt":"2018-11-01T16:13:58","guid":{"rendered":"http:\/\/texcon.de\/_texcon_wordpress\/?page_id=651"},"modified":"2018-11-06T17:59:33","modified_gmt":"2018-11-06T16:59:33","slug":"datenschutz","status":"publish","type":"page","link":"https:\/\/texcon.de\/?page_id=651","title":{"rendered":"Datenschutz"},"content":{"rendered":"<p><strong>Datenschutzerkl\u00e4rung<\/strong> <br \/>Die TEXCON GmbH freut sich \u00fcber Ihren Besuch auf unserer Webseite und Ihr Interesse an unserem Unternehmen und unseren Produkten und Dienstleistungen. Der Schutz Ihrer personenbezogenen Daten bei der Verarbeitung w\u00e4hrend des gesamten Gesch\u00e4ftsprozesses ist f\u00fcr uns ein wichtiges Anliegen und wir m\u00f6chten, dass Sie sich beim Besuch unserer Internetseiten sicher f\u00fchlen. <br \/>Im Folgenden erl\u00e4utern wir, welche Informationen wir bei auf unseren Webseiten w\u00e4hrend Ihres Besuches erfassen und wie diese genutzt werden. Die TEXCON GmbH ist die Betreiberin des gesamten internationalen Webauftritts von TEXCON und angegliederter Webapplikationen. Diese Datenschutzerkl\u00e4rung gilt f\u00fcr alle von TEXCON betriebenen Websites. Die Internet-Seiten, zu denen unsere externen Links f\u00fchren, sind darin nicht enthalten. <br \/>Unsere Kontaktdaten finden Sie im Impressum.<\/p>\n<p><strong>Datenschutzbeauftragter<\/strong> <br \/>Unser Datenschutzbeauftragter steht Ihnen mit seinem Team f\u00fcr s\u00e4mtliche Anliegen zum Thema Datenschutz zur Verf\u00fcgung. <br \/>Bitte richten Sie Ihre Anliegen an folgende E-Mail-Adresse: datenschutz@texcon.de<\/p>\n<p><strong>Personenbezogene Daten<\/strong> <br \/>Personenbezogene Daten sind Einzelangaben \u00fcber pers\u00f6nliche oder sachliche Verh\u00e4ltnisse einer bestimmten oder bestimmbaren nat\u00fcrlichen Person. Darunter fallen Informationen wie z.B. Ihr richtiger Name, Ihre Anschrift, Ihre Telefonnummer und Ihr Geburtsdatum. Informationen, die nicht direkt mit Ihrer wirklichen Identit\u00e4t in Verbindung gebracht werden &#8211; wie z.B. favorisierte Webseiten oder Anzahl der Nutzer einer Seite &#8211; sind keine personenbezogenen Daten.<br \/>Ihre Rechte <br \/>Sie haben das Recht hinsichtlich Ihrer personenbezogenen Daten von uns Auskunft, Berichtigung, L\u00f6schung oder Einschr\u00e4nkung nach den gesetzlichen Regelungen zu verlangen. Wir stellen Ihnen Ihre Daten au\u00dferdem in einem strukturierten, g\u00e4ngigen und maschinenlesbaren Format zur Verf\u00fcgung. Wenn wir Ihre Daten aufgrund einer Einwilligung von Ihnen verwenden (etwa bei der Anmeldung zu unseren E-Mail-News), k\u00f6nnen Sie Ihre Einwilligung jederzeit widerrufen. Ab dem Widerruf verwenden wir Ihre Daten nicht mehr f\u00fcr diesen Zweck. Sollten wir ein berechtigtes Interesse zur Verarbeitung Ihrer Daten verfolgen, k\u00f6nnen Sie sich mit einem Widerspruch an uns wenden. Nat\u00fcrlich k\u00f6nnen Sie stets auch die zust\u00e4ndigen Aufsichtsbeh\u00f6rden kontaktieren.<br \/>Erhebung und Verarbeitung von personenbezogenen Daten <br \/>In Protokolldateien, \u00fcber Suchmaschinen und Formulare werden bei der Nutzung unserer Web-Seiten Daten erhoben. Wenn Sie unsere Webseiten besuchen, speichern unsere Webserver standardm\u00e4\u00dfig zum Zweck der Systemsicherheit dauerhaft die Verbindungsdaten des anfragenden Rechners, die Webseiten, die Sie bei uns besuchen, das Datum und die Dauer des Besuches, die Erkennungsdaten des verwendeten Browser- und Betriebssystem-Typs sowie die Webseite, von der aus Sie uns besuchen. Dar\u00fcber hinausgehende personenbezogene Angaben wie Ihr Name, Ihre Anschrift, Telefonnummer oder E-Mail-Adresse werden nicht erfasst, es sei denn, diese Angaben werden von Ihnen freiwillig gemacht, z.B. im Rahmen einer Registrierung, einer Umfrage, eines Preisausschreibens, zur Durchf\u00fchrung eines Vertrages oder einer Informationsanfrage. Die gespeicherten Daten werden zur Missbrauchsverfolgung auf dem Web-Server verwendet und anschlie\u00dfend gel\u00f6scht. Der Zeitpunkt des jeweils letzten Logins wird auch im Rahmen der werblichen Ansprache genutzt, soweit diese gesetzlich zul\u00e4ssig ist.<br \/>Nutzung und Weitergabe der personenbezogenen Daten <br \/>Die von Ihnen zur Verf\u00fcgung gestellten personenbezogenen Daten verwenden wir ausschlie\u00dflich zweckgebunden wie beispielsweise der technischen Administration der Webseiten und zur Erf\u00fcllung Ihrer W\u00fcnsche und Anforderungen, also in der Regel zur Abwicklung des mit Ihnen geschlossenen Vertrages oder zur Beantwortung Ihrer Anfrage. Bei der Registrierung in unseren B2B-Portalen werden die Daten zur Durchf\u00fchrung der Anmeldung und dar\u00fcber hinaus ausschlie\u00dflich im gesetzlich zul\u00e4ssigen Rahmen zu Werbezwecken genutzt. Dieser werblichen Nutzung k\u00f6nnen Sie jederzeit mit einer kurzen Nachricht an die folgende Adresse widersprechen: DE.Kundenmarketing@de.trumpf.com. <br \/>Eine Weitergabe, Verkauf oder sonstige \u00dcbermittlung Ihrer personenbezogenen Daten an Personen au\u00dferhalb der TEXCON GmbH erfolgt nicht, es sei denn, dass dies zum Zwecke der Vertragsabwicklung oder zur Ausf\u00fchrung einer Dienstleistung im Rahmen einer Auftragsdatenverarbeitung erforderlich ist oder Sie ausdr\u00fccklich eingewilligt haben.<\/p>\n<p><strong>L\u00f6schen von Daten<\/strong> <br \/>Soweit Ihre Daten nicht mehr f\u00fcr die genannten Zwecke einschlie\u00dflich der Abrechnung erforderlich sind, werden diese gel\u00f6scht. Bitte beachten Sie, dass bei jeder L\u00f6schung die Daten zun\u00e4chst nur gesperrt und dann erst mit zeitlicher Verz\u00f6gerung endg\u00fcltig gel\u00f6scht werden, um versehentlichen L\u00f6schungen oder evtl. vors\u00e4tzlichen Sch\u00e4digungen vorzubeugen. Aus technischen Gr\u00fcnden werden Daten ggf. in Datensicherungsdateien und Spiegelungen von Diensten dupliziert. Solche Kopien werden ebenfalls ggf. erst mit einer technisch bedingten zeitlichen Verz\u00f6gerung gel\u00f6scht.<\/p>\n<p><strong>Einsatz von Cookies<\/strong> <br \/>Auf unseren Webseiten verwenden wir in der Regel sog. Session-Cookies, die Daten zur technischen Sitzungssteuerung im Speicher Ihres Browsers ablegen. Sie werden sp\u00e4testens mit dem Schlie\u00dfen Ihres Browsers gel\u00f6scht. Cookies enthalten keinerlei personenbezogene Daten und verlieren ihre Bedeutung mit dem Verlassen unserer Website. Wenn Sie beschlie\u00dfen, dass keine Cookies auf Ihrem Computer angelegt werden sollen, haben Sie dennoch weiterhin Zugang zum gr\u00f6\u00dften Teil unserer Webseiten. Dennoch k\u00f6nnen Sie unter Umst\u00e4nden bestimmte Funktionen oder Seitenbereiche nicht mehr nutzen. Des Weiteren weisen wir darauf hin, dass Browser in der Regel \u00fcber Funktionen zur Verwaltung von Cookies verf\u00fcgen.<\/p>\n<p><strong>Google Analytics<\/strong> <br \/>Wir setzen das Tool Google Analytics von Google ein (Google Inc., 1600 Amphitheatre Parkway, Mountain View, CA 94043, USA).<br \/>Google Analytics arbeitet mit Textdateien die auf Ihrem Ger\u00e4t gespeichert werden (sog. &#8222;Cookies&#8220;), um Informationen \u00fcber Ihre Websitenutzung zu gewinnen.<br \/>Google nutzt diese Informationen in unserem Auftrag um uns Auswertungen \u00fcber die Websitenutzung, Reports \u00fcber Aktivit\u00e4ten auf der Website und weitere Services zur Verf\u00fcgung zu stellen.<br \/>Die anhand des &#8222;Cookies&#8220; gesammelten Daten \u00fcber Ihre Websitenutzung werden zur Analyse \u00fcblicherweise an seinen Server von Google in den USA \u00fcbertragen und dort gespeichert. Eine Zusammenf\u00fchrung mit anderen bei Google \u00fcber Sie eventuell hinterlegten Daten erfolgt nicht.<br \/>Wir setzen zudem die Maskierungsfunktion &#8222;anonymizeIP&#8220; ein. Vor der \u00dcbertragung Ihrer IP-Adresse an die Google Server in den USA, wird diese innerhalb der EU gek\u00fcrzt. Eine \u00dcbertragung der ungek\u00fcrzten IP-Adresse erfolgt nur in seltenen F\u00e4llen und wird dann auf den Servern in den USA gek\u00fcrzt.<br \/>Sie k\u00f6nnen diese Verarbeitung durch folgende Ma\u00dfnahmen verhindern:<br \/>Es ist m\u00f6glich Ihren Browser so einzustellen, dass keine &#8222;Cookies&#8220; gespeichert werden. Das kann allerdings dazu f\u00fchren, dass unsere Website nicht voll funktionsf\u00e4hig ist.<br \/>Weiterhin besteht die M\u00f6glichkeit durch ein Browser Add-On von Google die Datenerfassung zu verhindern. Das Add-On finden Sie hier: http:\/\/tools.google.com\/dlpage\/gaoptout?hl=de.<br \/>Wahlweise zum Browser-Add-On, etwa wenn Sie ein Smartphone und Tablets nutzen, k\u00f6nnen Sie die Datenerfassung durch Google Analytics verhindern, indem Sie hier klicken. Damit wird ein Cookie gesetzt der die Datenerfassung verhindert. Sollten Sie unsere Website mit einem anderen Device oder Browser erneut besuchen oder Ihre Cookies gel\u00f6scht haben, m\u00fcssen Sie den Cookie erneut setzen.<br \/>Weitere Informationen zum Datenschutz bei Google finden Sie hier https:\/\/www.google.de\/intl\/de\/policies\/privacy\/.<\/p>\n<p><strong>Google Adwords Remarketing<\/strong> <br \/>Wir nutzen die Adwords Remarketing Funktion von Google (Google Inc., 1600 Amphitheatre Parkway, Mountain View, CA 94043, USA).<br \/>Google Remarketing erm\u00f6glicht es uns, Ihnen beim Besuch von Websites, die zum Google Display-Netzwerk (GND) geh\u00f6ren, nur die Produkte vorzustellen die Sie wirklich interessieren.<br \/>Dazu werden Cookies durch Ihren Browser gespeichert, um Sie beim Besuch von GND-Websites wiederzuerkennen. Durch eine Analyse Ihrer Websitenutzung werden Ihnen dann Werbeanzeigen zu den Produkten angezeigt, welche Sie sich schon angeschaut haben oder die f\u00fcr Sie von Interesse sein k\u00f6nnen.<br \/>Um das Speichern von Cookies f\u00fcr das Remarketing zu verhindern, k\u00f6nnen Sie Einstellungen \u00fcber personalisierte Werbung hier http:\/\/www.google.com\/settings\/ads vornehmen. Alternativ k\u00f6nnen Sie gem\u00e4\u00df der Anleitung auf der Website der NAI \u2013 Netzwerkwerbeinitiative vorgehen (http:\/\/www.networkadvertising.org\/managing\/opt_out.asp).<\/p>\n<p><strong>Google Adwords Conversion-Tracking<\/strong> <br \/>Wir nutzen die Adwords Conversion-Tracking Funktion von Google (Google Inc., 1600 Amphitheatre Parkway, Mountain View, CA 94043, USA).<br \/>Google Conversion-Tracking erm\u00f6glicht es uns nachzuverfolgen was geschieht, nachdem ein Nutzer unsere Anzeige aufruft. Etwa um zu erkennen, ob ein Produkt gekauft wird oder die Anmeldung zu unserem Newsletter erfolgt. Durch den Klick auf unsere Google Anzeige wird ein Cookie auf Ihrem Ger\u00e4t gespeichert, um diese Funktion zu erm\u00f6glichen. Ein Personenbezug wird dabei nicht hergestellt.<br \/>Um das Speichern von Cookies f\u00fcr das Conversion-Tracking zu verhindern, k\u00f6nnen Sie entsprechende Einstellungen in Ihrem Browser vornehmen.<br \/>Weitere Informationen zum Conversion-Tracking finden Sie hier https:\/\/support.google.com\/adwords\/answer\/1722022?hl=de.<\/p>\n<p><strong>Web-Analyse<\/strong> <br \/>Wir verwenden zur Analyse eine Auswertungssoftware, die Daten statistisch auswertet. Die Nutzerdaten werden pseudonymisiert. Die Software verwendet sog. \u201eCookies\u201c, Textdateien, die auf Ihrem Computer gespeichert werden und die eine Analyse der Benutzung der Website durch Sie erm\u00f6glichen. Die durch den Cookie erzeugten Informationen \u00fcber Ihre Benutzung dieser Website werden gespeichert. Wir nutzen diese Informationen, um Ihre Nutzung der Website auszuwerten und um Reports \u00fcber die Websiteaktivit\u00e4ten zusammenzustellen. Hierzu setzen wir die Open-source-Software \u201ePiwik\u201c ein. Das bedeutet, dass diese Daten nicht an Dritte weitergegeben werden und somit nicht die Gefahr einer Zusammenf\u00fchrung mit anderen Ihrer Person zuordenbaren Daten besteht.<\/p>\n","protected":false},"excerpt":{"rendered":"<p>Datenschutzerkl\u00e4rung Die TEXCON GmbH freut sich \u00fcber Ihren Besuch auf unserer Webseite und Ihr Interesse an unserem Unternehmen und unseren Produkten und Dienstleistungen. Der Schutz Ihrer personenbezogenen Daten bei der Verarbeitung w\u00e4hrend des gesamten Gesch\u00e4ftsprozesses ist f\u00fcr uns ein wichtiges Anliegen und wir m\u00f6chten, dass Sie sich beim Besuch unserer Internetseiten sicher f\u00fchlen. Im Folgenden&#8230;<\/p>\n","protected":false},"author":1,"featured_media":0,"parent":0,"menu_order":0,"comment_status":"closed","ping_status":"closed","template":"","meta":[],"_links":{"self":[{"href":"https:\/\/texcon.de\/index.php?rest_route=\/wp\/v2\/pages\/651"}],"collection":[{"href":"https:\/\/texcon.de\/index.php?rest_route=\/wp\/v2\/pages"}],"about":[{"href":"https:\/\/texcon.de\/index.php?rest_route=\/wp\/v2\/types\/page"}],"author":[{"embeddable":true,"href":"https:\/\/texcon.de\/index.php?rest_route=\/wp\/v2\/users\/1"}],"replies":[{"embeddable":true,"href":"https:\/\/texcon.de\/index.php?rest_route=%2Fwp%2Fv2%2Fcomments&post=651"}],"version-history":[{"count":2,"href":"https:\/\/texcon.de\/index.php?rest_route=\/wp\/v2\/pages\/651\/revisions"}],"predecessor-version":[{"id":657,"href":"https:\/\/texcon.de\/index.php?rest_route=\/wp\/v2\/pages\/651\/revisions\/657"}],"wp:attachment":[{"href":"https:\/\/texcon.de\/index.php?rest_route=%2Fwp%2Fv2%2Fmedia&parent=651"}],"curies":[{"name":"wp","href":"https:\/\/api.w.org\/{rel}","templated":true}]}}