{"id":650,"date":"2018-11-01T17:13:58","date_gmt":"2018-11-01T16:13:58","guid":{"rendered":"http:\/\/texcon.de\/_texcon_wordpress\/?page_id=650"},"modified":"2022-09-20T13:41:19","modified_gmt":"2022-09-20T11:41:19","slug":"copyright","status":"publish","type":"page","link":"https:\/\/texcon.de\/?page_id=650","title":{"rendered":"Copyright"},"content":{"rendered":"<strong>Copyright und Markenzeichen<\/strong>\r\n\r\nS\u00e4mtliche Texte, Bilder, Grafiken, Animationen, Videos, Sounds und sonstige Inhalte dieser Website sowie deren Anordnung sind durch das Urheberrecht und andere Schutzgesetze gesch\u00fctzt. Es darf keine Vervielf\u00e4ltigung, Ver\u00e4nderung oder Verwendung der genannten Inhalte in anderen elektronischen oder gedruckten Publikationen ohne vorherige Zustimmung durch die TEXCON GmbH erfolgen.\r\n\r\nDie auf dieser Website pr\u00e4sentierten Patente, Marken und urheberrechtlichen Werke sind, soweit nicht anders angegeben, geistiges Eigentum der TEXCON GmbH. Dies gilt insbesondere f\u00fcr TEXCON Marken, Logos, Embleme und Typenschilder.","protected":false},"excerpt":{"rendered":"<p>Copyright und Markenzeichen S\u00e4mtliche Texte, Bilder, Grafiken, Animationen, Videos, Sounds und sonstige Inhalte dieser Website sowie deren Anordnung sind durch das Urheberrecht und andere Schutzgesetze gesch\u00fctzt. Es darf keine Vervielf\u00e4ltigung, Ver\u00e4nderung oder Verwendung der genannten Inhalte in anderen elektronischen oder gedruckten Publikationen ohne vorherige Zustimmung durch die TEXCON GmbH erfolgen. Die auf dieser Website pr\u00e4sentierten&#8230;<\/p>\n","protected":false},"author":1,"featured_media":0,"parent":0,"menu_order":0,"comment_status":"closed","ping_status":"closed","template":"","meta":[],"_links":{"self":[{"href":"https:\/\/texcon.de\/index.php?rest_route=\/wp\/v2\/pages\/650"}],"collection":[{"href":"https:\/\/texcon.de\/index.php?rest_route=\/wp\/v2\/pages"}],"about":[{"href":"https:\/\/texcon.de\/index.php?rest_route=\/wp\/v2\/types\/page"}],"author":[{"embeddable":true,"href":"https:\/\/texcon.de\/index.php?rest_route=\/wp\/v2\/users\/1"}],"replies":[{"embeddable":true,"href":"https:\/\/texcon.de\/index.php?rest_route=%2Fwp%2Fv2%2Fcomments&post=650"}],"version-history":[{"count":4,"href":"https:\/\/texcon.de\/index.php?rest_route=\/wp\/v2\/pages\/650\/revisions"}],"predecessor-version":[{"id":1335,"href":"https:\/\/texcon.de\/index.php?rest_route=\/wp\/v2\/pages\/650\/revisions\/1335"}],"wp:attachment":[{"href":"https:\/\/texcon.de\/index.php?rest_route=%2Fwp%2Fv2%2Fmedia&parent=650"}],"curies":[{"name":"wp","href":"https:\/\/api.w.org\/{rel}","templated":true}]}}