{"id":606,"date":"2018-10-31T16:28:43","date_gmt":"2018-10-31T15:28:43","guid":{"rendered":"http:\/\/texcon.de\/_texcon_wordpress\/?page_id=606"},"modified":"2019-02-14T19:00:18","modified_gmt":"2019-02-14T18:00:18","slug":"leistungsspektrum","status":"publish","type":"page","link":"https:\/\/texcon.de\/?page_id=606","title":{"rendered":"Leistungsspektrum"},"content":{"rendered":"\n\t<p><strong>WHAT<\/strong><\/p>\n\t<p>TEXCON verf\u00fcgt \u00fcber 4000 m\u00b2 Produktionsfl\u00e4che an 2 Standorten in Deutschland.<\/p>\n<p>Die vorhandene Recourssenausstattung erm\u00f6glicht horizontal und vertikal eine einzigartige Leistungsf\u00e4higkeit. Die M\u00f6glichkeiten reichen vom Einzelst\u00fcck bis zur Serienfertigung gro\u00dfer St\u00fcckzahlen.<\/p>\n\t<p><strong>DESIGN<\/strong><\/p>\n\t<ul>\n<li>3D CAD f\u00fcr alle Ein- und Ausgabeformate im Industriestandard<\/li>\n<li>3D Abwickelungs-Software f\u00fcr Freiformfl\u00e4chen mit Berechnung der textilen Dehnungsparameter<\/li>\n<li>Stressanalyse der abgewickelten Zuschnittte<\/li>\n<li>Str\u00f6mungssimulation (CFD)<\/li>\n<\/ul>\n\t<p><strong>CUT<\/strong><\/p>\n\t<ul>\n<li>CNC Schneidanlage, Klingenschnitt, 3 Werkzeugk\u00f6pfe (Pizza, Blade, Notch) + Markierung, endlos (Conveyor), Arbeitsbreite 2.500 mm<\/li>\n<li>CNC Schneidanlage, oszillierender Klingenschnitt + Aufrauhwerkzeug + Markierung, endlos (Conveyor), Arbeitsbreite 1.600 mm<\/li>\n<li>CNC Schneidanlage, Laser (200 W) + Markierung, Flachbett, Arbeitsfl\u00e4che 10.000 x 1.600 mm<\/li>\n<li>CNC Schneidanlage, Laser (500 W), endlos (Conveyor), Arbeitsbreite 1.650 mm<\/li>\n<li>CNC Schneidanlage, Laser-4 Head (200 W), endlos (Conveyor), Arbeitsbreite 1.600 mm<\/li>\n<li>CNC Schneidanlage, Laser (200 W), endlos (Conveyor), Arbeitsbreite 1.600 mm<\/li>\n<\/ul>\n\t<p><strong>ENGRAVE<\/strong><\/p>\n\t<ul>\n<li>CNC Gravieranlage, Laser-Galvo (400W), endlos (Conveyor), Roll to Roll \/ Roll to Pattern, Arbeitsbreite 1.620 mm<\/li>\n<li>CNC Gravieranlage, Laser-Galvo (100 W), Arbeitsfl\u00e4che 130 x 130 mm<\/li>\n<\/ul>\n\t<p><strong>EMBROID<\/strong><\/p>\n\t<ul>\n<li>CNC-Stickmaschine, 12 Farben, Arbeitsfeld 460 x 310 mm<\/li>\n<li>CNC-Stickmaschine, 12 Farben, Arbeitsfeld 300 mm x 450 mm flat, 85 x 360 tubular<\/li>\n<\/ul>\n\t<p><strong>WELD<\/strong><\/p>\n\t<ul>\n<li>Hochfrequenz-Schweissanlage, 20 KW, elektronische Parametersteuerung, Static Vacuum Table, Arbeitsfl\u00e4che 11.000 x 100 mm<\/li>\n<li>Hochfrequenz-Schweissanlage, 80 KW, elektronische Parametersteuerung, 2-fach Schiebetisch, Arbeitsfl\u00e4che 2.000 x 1.200 mm<\/li>\n<li>Hochfrequenz-Schweissanlage, 30 KW, elektronische Parametersteuerung, 2-fach Schiebetisch, Arbeitsfl\u00e4che 1.200 x 1.000 mm<\/li>\n<li>Hochfrequenz-Schweissanlage, 20 KW, elektronische Parametersteuerung, 1-Fach Schiebetisch, Arbeitsfl\u00e4che 1.000 x 800 mm<\/li>\n<li>Hochfrequenz-Schweissanlage, 5 KW, elektronische Parametersteuerung, 1-Fach Schiebetisch, Arbeitsfl\u00e4che 600 x 600 mm<\/li>\n<li>Hochfrequenz-Schweissmaschinen, 1,5 KW, Parametersteuerung,\u00a0 Arbeitsfl\u00e4che 300 x 200 mm<\/li>\n<li>Ultraschall-Schweissanlage, kontinuierlich, elektronische Parametersteuerung, Flat-Seam max. 10 mm<\/li>\n<li>Ultraschall-Schweissanlage, kontinuierlich, elektronische Parametersteuerung, Kiss-Seam<\/li>\n<\/ul>\n\t<p><strong>BOND<\/strong><\/p>\n\t<ul>\n<li>Hei\u00dfluft-Schweissmaschinen, Pedestral, elektronische Parametersteuerung, Differentialantrieb, Arbeitsbreite max. 30 mm<\/li>\n<li>Heissluft- Schweissanlage, Pestral \/ Off-Arm \/ 1.200 mm Freiarm, elektonische Parametersteuerung, Differentialantrieb, Arbeitsbreite max. 50 mm<\/li>\n<\/ul>\n\t<p><strong>GLUE<\/strong><\/p>\n\t<ul>\n<li>Computergesteuerte 2-Komponenten Kleberzubereitung (Mischungsverh\u00e4ltnis, Viskosit\u00e4t)<\/li>\n<li>CNC-gesteuerte Aufrauh-Maschinen f\u00fcr beschichtete Gewebe , Abtragstiefen-Genauigkeit 0.08 mm, Kantengenauigkeit 0.5 mm, Arbeitsbreiten 28 -180 mm<\/li>\n<li>Corona-Behandlung zur Klebevorbereitung<\/li>\n<li>CNC- gesteuerter Klebstoffauftag (Klebstoffmenge, Curing-Time)<\/li>\n<\/ul>\n\t<p><strong>SEW<\/strong><\/p>\n\t<ul>\n<li>CNC-N\u00e4hautomat, Extra Heavy, Wechselklammer, Arbeitsfl\u00e4che 220 x 100 mm<\/li>\n<li>CNC-N\u00e4hautomaten, Heavy, Wechselklammer, Arbeitsfl\u00e4che 150 x 100 mm<\/li>\n<li>Langbahn-N\u00e4hautomat, 2-Nadel, Steppstich, Arbeitsl\u00e4nge 10.000 mm<\/li>\n<li>N\u00e4hmaschinen, Steppstich, 3-fach Transport, 1\/2 Nadel, Flachbett\/Freiarm\/S\u00e4ule\/Langarm, Puller<\/li>\n<li>N\u00e4hmaschinen, Kettenstich, 2\/3\/6 Nadel, Flachbett, Arm-abw\u00e4rts, Puller<\/li>\n<li>N\u00e4hmaschinen, Steppstich, Ultra Heavy, max. Nm 5\/3, Materialst\u00e4rke max. 18 mm<\/li>\n<\/ul>\n\t<p><strong>PRINT<\/strong><\/p>\n\t<ul>\n<li>3D Drucker, Material: ABS, 9 Farben, Bauraum 200 x 200x 200 mm, Resulution\u00a00,254 mm oder 0,330 mm<\/li>\n<li>3D Drucker, Material: Edelstahl\/Aluminiumlegierung\/Bronze, Bauraum 80 x 100x 100 mm, Resolution 50 \u00b5m<\/li>\n<li>Siebdruckmaschine, halbautomatisch, Arbeitsfl\u00e4che 600 x 500 mm<\/li>\n<li>Thermotransfer-Etikettendrucker mit Patchpresse, Arbeitsbreite 100 mm<\/li>\n<\/ul>\n\t<p><strong>TEST<\/strong><\/p>\n\t<ul>\n<li>Luftdurchl\u00e4ssigkeit, Vollprofil, endlos, Arbeitsbreite max. 1.700mm<\/li>\n<li>Luftdurchl\u00e4ssigkeit, Pr\u00fcffl\u00e4che 20cm\u00b2<\/li>\n<li>Wasserdichtigkeit, max, 8 bar, Pr\u00fcffl\u00e4che 100 cm\u00b2<\/li>\n<li>Wasserdichtigkeit, max. 100 bar, Pr\u00fcffl\u00e4che 20 cm\u00b2<\/li>\n<li>Heliumdichtigkeit, max. 1 bar, Pr\u00fcffl\u00e4che 50 cm\u00b2<\/li>\n<li>Zugfestigkeit, max. 5 KN, Pr\u00fcfbreite max. 100 mm<\/li>\n<li>Zugspannung, On The Fly, 100 Hz,\u00a01 bis 1000 cN<\/li>\n<li>Scheuerbest\u00e4ndigkeit, Taber<\/li>\n<\/ul>\n","protected":false},"excerpt":{"rendered":"<p>WHAT TEXCON verf\u00fcgt \u00fcber 4000 m\u00b2 Produktionsfl\u00e4che an 2 Standorten in Deutschland. Die vorhandene Recourssenausstattung erm\u00f6glicht horizontal und vertikal eine einzigartige Leistungsf\u00e4higkeit. Die M\u00f6glichkeiten reichen vom Einzelst\u00fcck bis zur Serienfertigung gro\u00dfer St\u00fcckzahlen. DESIGN 3D CAD f\u00fcr alle Ein- und Ausgabeformate im Industriestandard 3D Abwickelungs-Software f\u00fcr Freiformfl\u00e4chen mit Berechnung der textilen Dehnungsparameter Stressanalyse der abgewickelten Zuschnittte&#8230;<\/p>\n","protected":false},"author":1,"featured_media":0,"parent":2,"menu_order":0,"comment_status":"closed","ping_status":"closed","template":"full-width-page.php","meta":[],"_links":{"self":[{"href":"https:\/\/texcon.de\/index.php?rest_route=\/wp\/v2\/pages\/606"}],"collection":[{"href":"https:\/\/texcon.de\/index.php?rest_route=\/wp\/v2\/pages"}],"about":[{"href":"https:\/\/texcon.de\/index.php?rest_route=\/wp\/v2\/types\/page"}],"author":[{"embeddable":true,"href":"https:\/\/texcon.de\/index.php?rest_route=\/wp\/v2\/users\/1"}],"replies":[{"embeddable":true,"href":"https:\/\/texcon.de\/index.php?rest_route=%2Fwp%2Fv2%2Fcomments&post=606"}],"version-history":[{"count":15,"href":"https:\/\/texcon.de\/index.php?rest_route=\/wp\/v2\/pages\/606\/revisions"}],"predecessor-version":[{"id":1267,"href":"https:\/\/texcon.de\/index.php?rest_route=\/wp\/v2\/pages\/606\/revisions\/1267"}],"up":[{"embeddable":true,"href":"https:\/\/texcon.de\/index.php?rest_route=\/wp\/v2\/pages\/2"}],"wp:attachment":[{"href":"https:\/\/texcon.de\/index.php?rest_route=%2Fwp%2Fv2%2Fmedia&parent=606"}],"curies":[{"name":"wp","href":"https:\/\/api.w.org\/{rel}","templated":true}]}}