{"id":572,"date":"2018-10-30T11:40:29","date_gmt":"2018-10-30T10:40:29","guid":{"rendered":"http:\/\/texcon.de\/_texcon_wordpress\/?page_id=572"},"modified":"2019-02-14T20:20:54","modified_gmt":"2019-02-14T19:20:54","slug":"restraint","status":"publish","type":"page","link":"https:\/\/texcon.de\/?page_id=572","title":{"rendered":"R\u00fcckhaltesysteme"},"content":{"rendered":"\n\t\t\t\t<img loading=\"lazy\" src=\"https:\/\/texcon.de\/_texcon_wordpress\/wp-content\/uploads\/2019\/02\/N\u00e4h.jpg\" alt=\"N\u00e4h\" itemprop=\"image\" height=\"1305\" width=\"1663\" title=\"N\u00e4h\" onerror=\"this.style.display='none'\"  \/>\n<h2>\n\t\tR\u00fcckhaltesysteme\n\t<\/h2>\n\t<p>TEXCON R\u00fcckhaltesysteme werden anwendungsspezifisch aus gewebten Gurten und beschichteten Geweben hergestellt. Eine gro\u00dfe Vielzahl an Beschl\u00e4gen, sowie Verschluss- und Verstelleinheiten steht zur Verf\u00fcgung.<\/p>\n<ul>\n<li>Frei programmierbare Nahtbilder bis 220x x 150 mm<\/li>\n<li>Extreme Gramst\u00e4rken bis Nm 5\/3<\/li>\n<li>Dynamische PU-Schockabsorber<\/li>\n<li>Belt-Covering f\u00fcr Hygieneanwendungen und Scheuerschutz<\/li>\n<li>Hochfrequenz-verschweisste Gurtverbindungen<\/li>\n<li>Markierung mit gepatchtem Etikett oder Laser-Gravur<\/li>\n<\/ul>\n<p>Verbindung der Gurtsysteme mit Polstern, Grundplatten und Interfaces.<\/p>\n<p>Verf\u00fcgbare Gurtmaterialien:<\/p>\n<ul>\n<li>Polyester<\/li>\n<li>Polyamid<\/li>\n<li>Kevlar<\/li>\n<li>Dyneema<\/li>\n<li>Vectran<\/li>\n<\/ul>\n\t\t\t\t<img loading=\"lazy\" src=\"https:\/\/texcon.de\/_texcon_wordpress\/wp-content\/uploads\/2019\/02\/n\u00e4h2.jpg\" alt=\"n\u00e4h2\" itemprop=\"image\" height=\"734\" width=\"1659\" title=\"n\u00e4h2\" onerror=\"this.style.display='none'\"  \/>\n","protected":false},"excerpt":{"rendered":"<p>R\u00fcckhaltesysteme TEXCON R\u00fcckhaltesysteme werden anwendungsspezifisch aus gewebten Gurten und beschichteten Geweben hergestellt. Eine gro\u00dfe Vielzahl an Beschl\u00e4gen, sowie Verschluss- und Verstelleinheiten steht zur Verf\u00fcgung. Frei programmierbare Nahtbilder bis 220x x 150 mm Extreme Gramst\u00e4rken bis Nm 5\/3 Dynamische PU-Schockabsorber Belt-Covering f\u00fcr Hygieneanwendungen und Scheuerschutz Hochfrequenz-verschweisste Gurtverbindungen Markierung mit gepatchtem Etikett oder Laser-Gravur Verbindung der Gurtsysteme&#8230;<\/p>\n","protected":false},"author":1,"featured_media":0,"parent":21,"menu_order":0,"comment_status":"closed","ping_status":"closed","template":"full-width-page.php","meta":[],"_links":{"self":[{"href":"https:\/\/texcon.de\/index.php?rest_route=\/wp\/v2\/pages\/572"}],"collection":[{"href":"https:\/\/texcon.de\/index.php?rest_route=\/wp\/v2\/pages"}],"about":[{"href":"https:\/\/texcon.de\/index.php?rest_route=\/wp\/v2\/types\/page"}],"author":[{"embeddable":true,"href":"https:\/\/texcon.de\/index.php?rest_route=\/wp\/v2\/users\/1"}],"replies":[{"embeddable":true,"href":"https:\/\/texcon.de\/index.php?rest_route=%2Fwp%2Fv2%2Fcomments&post=572"}],"version-history":[{"count":6,"href":"https:\/\/texcon.de\/index.php?rest_route=\/wp\/v2\/pages\/572\/revisions"}],"predecessor-version":[{"id":1282,"href":"https:\/\/texcon.de\/index.php?rest_route=\/wp\/v2\/pages\/572\/revisions\/1282"}],"up":[{"embeddable":true,"href":"https:\/\/texcon.de\/index.php?rest_route=\/wp\/v2\/pages\/21"}],"wp:attachment":[{"href":"https:\/\/texcon.de\/index.php?rest_route=%2Fwp%2Fv2%2Fmedia&parent=572"}],"curies":[{"name":"wp","href":"https:\/\/api.w.org\/{rel}","templated":true}]}}