{"id":55,"date":"2017-01-17T14:48:01","date_gmt":"2017-01-17T13:48:01","guid":{"rendered":"http:\/\/texcon.de\/_texcon_wordpress\/?page_id=55"},"modified":"2019-02-08T13:24:07","modified_gmt":"2019-02-08T12:24:07","slug":"boote-fuer-wasserrutschen","status":"publish","type":"page","link":"https:\/\/texcon.de\/?page_id=55","title":{"rendered":"Freizeitpark Ger\u00e4te"},"content":{"rendered":"<p><br \/>\n\t\t\t\t<img loading=\"lazy\" src=\"https:\/\/texcon.de\/_texcon_wordpress\/wp-content\/uploads\/2019\/02\/rund1m2.jpg\" alt=\"rund1m2\" itemprop=\"image\" height=\"740\" width=\"1619\" title=\"rund1m2\"  \/><br \/>\n\t\t\t\t<img loading=\"lazy\" src=\"https:\/\/texcon.de\/_texcon_wordpress\/wp-content\/uploads\/2019\/02\/boot_01.jpg\" alt=\"boot_01\" itemprop=\"image\" height=\"667\" width=\"1024\" title=\"boot_01\"  \/><\/p>\n<h3>\n\t\tFreizeitpark<br \/>\n\t<\/h3>\n<p>F\u00fcr den Einsatz in Freizeitparks\u00a0produzieren wir eine Vielzahl aufblasbarer Ger\u00e4te:<\/p>\n<p>Schlauchringe<\/p>\n<ul>\n<li>Schlauchringe f\u00fcr Raft-Rides in bew\u00e4hrter Heavy Duty Ausf\u00fchrung<\/li>\n<li>Hergestellt aus Neopren- beschichtetem Gewebe (KK600, schwarz) oder Hypalon-schichtetem Gewebe (ORCA, farbig)<\/li>\n<li>Gummi-Schutzprofile in verschiedenen Ausf\u00fchrungen<\/li>\n<li>Diverse Ventilvarianten<\/li>\n<\/ul>\n<p>Boote<\/p>\n<ul>\n<li>Ein-Personen Rundboote f\u00fcr Tubing Bahnen. Auch mit R\u00fcckenst\u00fctze erh\u00e4ltlich<\/li>\n<li>Zwei-Personen Boote f\u00fcr Schlauchbootrutschen. Verschieden Farben m\u00f6glich<\/li>\n<li>Acht-Personen Boote f\u00fcr Hochgeschwindigkeitsrutschbahnen<\/li>\n<\/ul>\n<p>\t\t\t\t<img loading=\"lazy\" src=\"https:\/\/texcon.de\/_texcon_wordpress\/wp-content\/uploads\/2019\/02\/IMG_9489.jpg\" alt=\"IMG_9489\" itemprop=\"image\" height=\"783\" width=\"1410\" title=\"IMG_9489\"  \/><br \/>\n\t\t\t\t<img loading=\"lazy\" src=\"https:\/\/texcon.de\/_texcon_wordpress\/wp-content\/uploads\/2019\/02\/Fluch-2.jpg\" alt=\"Fluch 2\" itemprop=\"image\" height=\"581\" width=\"775\" title=\"Fluch 2\"  \/><\/p>\n","protected":false},"excerpt":{"rendered":"<p>Freizeitpark F\u00fcr den Einsatz in Freizeitparks\u00a0produzieren wir eine Vielzahl aufblasbarer Ger\u00e4te: Schlauchringe Schlauchringe f\u00fcr Raft-Rides in bew\u00e4hrter Heavy Duty Ausf\u00fchrung Hergestellt aus Neopren- beschichtetem Gewebe (KK600, schwarz) oder Hypalon-schichtetem Gewebe (ORCA, farbig) Gummi-Schutzprofile in verschiedenen Ausf\u00fchrungen Diverse Ventilvarianten Boote Ein-Personen Rundboote f\u00fcr Tubing Bahnen. Auch mit R\u00fcckenst\u00fctze erh\u00e4ltlich Zwei-Personen Boote f\u00fcr Schlauchbootrutschen. Verschieden Farben m\u00f6glich&#8230;<\/p>\n","protected":false},"author":1,"featured_media":0,"parent":21,"menu_order":10,"comment_status":"closed","ping_status":"closed","template":"full-width-page.php","meta":[],"_links":{"self":[{"href":"https:\/\/texcon.de\/index.php?rest_route=\/wp\/v2\/pages\/55"}],"collection":[{"href":"https:\/\/texcon.de\/index.php?rest_route=\/wp\/v2\/pages"}],"about":[{"href":"https:\/\/texcon.de\/index.php?rest_route=\/wp\/v2\/types\/page"}],"author":[{"embeddable":true,"href":"https:\/\/texcon.de\/index.php?rest_route=\/wp\/v2\/users\/1"}],"replies":[{"embeddable":true,"href":"https:\/\/texcon.de\/index.php?rest_route=%2Fwp%2Fv2%2Fcomments&post=55"}],"version-history":[{"count":8,"href":"https:\/\/texcon.de\/index.php?rest_route=\/wp\/v2\/pages\/55\/revisions"}],"predecessor-version":[{"id":1122,"href":"https:\/\/texcon.de\/index.php?rest_route=\/wp\/v2\/pages\/55\/revisions\/1122"}],"up":[{"embeddable":true,"href":"https:\/\/texcon.de\/index.php?rest_route=\/wp\/v2\/pages\/21"}],"wp:attachment":[{"href":"https:\/\/texcon.de\/index.php?rest_route=%2Fwp%2Fv2%2Fmedia&parent=55"}],"curies":[{"name":"wp","href":"https:\/\/api.w.org\/{rel}","templated":true}]}}