{"id":53,"date":"2017-01-17T14:47:50","date_gmt":"2017-01-17T13:47:50","guid":{"rendered":"http:\/\/texcon.de\/_texcon_wordpress\/?page_id=53"},"modified":"2019-02-10T17:31:39","modified_gmt":"2019-02-10T16:31:39","slug":"rutschen","status":"publish","type":"page","link":"https:\/\/texcon.de\/?page_id=53","title":{"rendered":"Aircraft Training"},"content":{"rendered":"<p><\/p>\n<p><strong>Training Slide \/ Slide-Raft<\/strong><\/p>\n<p>TEXCON Aircraft Training Slides und\u00a0Slide\/Rafts\u00a0 stehen in\u00a0 diversen Varianten f\u00fcr alle g\u00e4ngigen Flugzeugtypen und T\u00fcren (SL, DL, OWE) zur Verf\u00fcgung. Alle Designs k\u00f6nnen in der L\u00e4nge den notwendigen Gegebenheiten des Training Centers angepasst werden.<\/p>\n<p>Slide &#8211; Slide\/Raft<\/p>\n<ul>\n<li>A319\/320\/321<\/li>\n<li>A330-340<\/li>\n<li>A350<\/li>\n<li>A380<\/li>\n<li>B737<\/li>\n<li>B747<\/li>\n<li>B757<\/li>\n<li>B767<\/li>\n<li>B777-200\/300<\/li>\n<li>B787<\/li>\n<li>C100<\/li>\n<li>EMB195<\/li>\n<\/ul>\n<p>&nbsp;<\/p>\n<p>TEXCON Slides und Slide\/Rafts werden aus HYPALON-beschichtetem Gewebe hergestellt. Damit ist extreme Langlebigkeit und dauerhafte Best\u00e4ndigkeit gegen chloriertes Wasser gew\u00e4hrleistet.<\/p>\n<p>Alle Handles, Boarding Stations, Re-Entry Straps, und Mooring Lines sind f\u00fcr den dauerhaften Trainingsbetrieb verst\u00e4rkt. Girt-Extensions werden aus extra stabilem Material, zum Teil mit Drahteinlagen hergestellt.<\/p>\n<p>Die Slides verf\u00fcgen \u00fcber austauschbare Slide-Cover aus Original Sliding Surface Material mit Deceleration Area. Damit wird ein originalgetreues Rutschverhalten garantiert.<\/p>\n<p>Slides k\u00f6nnen mit Post und Seitennetzen gegen Absturzgef\u00e4hrdung ausgestattet werden.<\/p>\n<p>Anschl\u00fcsse f\u00fcr verschiedene externe Aufblassysteme (Aspirator-Sleeve, Shop-Air-Connector) werden nach Wunsch integriert.<\/p>\n<p>Eine breite Auswahl an Zubeh\u00f6r, wie Treibanker, Sicherheitsmesser, Notlicht-Dummies und \u00dcberlebenspacks (mit Dachplane) stehen zur Verf\u00fcgung.<\/p>\n\n<p><strong>Training Life-Raft<\/strong><\/p>\n<p>TEXCON Aircraft Training Life-Rafts stehen in verschiedenen Gr\u00f6\u00dfen zur Verf\u00fcgung. Die Designs sind grunds\u00e4tzlich oktaederf\u00f6rmig und als full-reversible ausgef\u00fchrt. Alle Typen k\u00f6nnen nach den W\u00fcnschen des Training Centers angepasst werden.<\/p>\n<p>Life-Raft<\/p>\n<ul>\n<li>TX12 (12 Personen Kapazit\u00e4t; Overload 18 Personen)<\/li>\n<li>TX25\u00a0(25 Personen Kapazit\u00e4t, Overload 37 Personen)<\/li>\n<li>TX32 (32 Personen Kapazit\u00e4t,Overload 48 Personen )<\/li>\n<li>TX36 (36 Personen Kapazit\u00e4t, Overload 54 Personen)<\/li>\n<li>TX46 (46 Personen Kapazit\u00e4t, Overload 69 Personen )<\/li>\n<li>TX56 (56 Personen Kapazit\u00e4t, Overload 84 Personen )<\/li>\n<\/ul>\n<p>&nbsp;<\/p>\n<p>&nbsp;<\/p>\n<p>TEXCON Life-Rafts werden aus HYPALON-beschichtetem Gewebe hergestellt. Damit ist extreme Langlebigkeit und dauerhafte Best\u00e4ndigkeit gegen chloriertes Wasser gew\u00e4hrleistet.<br \/>\nAlle Anbauteile sind f\u00fcr den dauerhaften Trainingsbetrieb verst\u00e4rkt und k\u00f6nnen im Verschlei\u00dffall ausgetauscht werden.<\/p>\n<p>Elektrische Gebl\u00e4se (230\/130V) f\u00fcr komfortables Aufblasen und Absaugung der Luft stehen zur Verf\u00fcgung.<\/p>\n<p>Standard Komponenten<\/p>\n<ul>\n<li>Accessory Case (Canopy\/Rods)<\/li>\n<li>Boarding Aid<\/li>\n<li>Canopy<\/li>\n<li>Center Float<\/li>\n<li>Grasp Line<\/li>\n<li>Hand Pump<\/li>\n<li>Heaving Line \/ Ring<\/li>\n<li>Inflation Valves<\/li>\n<li>Life Line<\/li>\n<li>Relief Valves<\/li>\n<li>Sea Anchor<\/li>\n<li>Stabilizer<\/li>\n<\/ul>\n\n<p><strong>Classroom Demonstrator<\/strong><\/p>\n<p>Alle TEXCON Slides, Slide-Rafts and Life-Rafts sind als Minaturen im Ma\u00dfstab\u00a01:3 verf\u00fcgbar. Diese Demonstratoren sind vollst\u00e4ndig ausgestattet und dienen der Demonstration des Systems und der Orientierung des Trainees.<\/p>\n","protected":false},"excerpt":{"rendered":"<p>Training Slide \/ Slide-Raft TEXCON Aircraft Training Slides und\u00a0Slide\/Rafts\u00a0 stehen in\u00a0 diversen Varianten f\u00fcr alle g\u00e4ngigen Flugzeugtypen und T\u00fcren (SL, DL, OWE) zur Verf\u00fcgung. Alle Designs k\u00f6nnen in der L\u00e4nge den notwendigen Gegebenheiten des Training Centers angepasst werden. Slide &#8211; Slide\/Raft A319\/320\/321 A330-340 A350 A380 B737 B747 B757 B767 B777-200\/300 B787 C100 EMB195 &nbsp; TEXCON&#8230;<\/p>\n","protected":false},"author":1,"featured_media":0,"parent":21,"menu_order":4,"comment_status":"closed","ping_status":"closed","template":"full-width-page.php","meta":[],"_links":{"self":[{"href":"https:\/\/texcon.de\/index.php?rest_route=\/wp\/v2\/pages\/53"}],"collection":[{"href":"https:\/\/texcon.de\/index.php?rest_route=\/wp\/v2\/pages"}],"about":[{"href":"https:\/\/texcon.de\/index.php?rest_route=\/wp\/v2\/types\/page"}],"author":[{"embeddable":true,"href":"https:\/\/texcon.de\/index.php?rest_route=\/wp\/v2\/users\/1"}],"replies":[{"embeddable":true,"href":"https:\/\/texcon.de\/index.php?rest_route=%2Fwp%2Fv2%2Fcomments&post=53"}],"version-history":[{"count":37,"href":"https:\/\/texcon.de\/index.php?rest_route=\/wp\/v2\/pages\/53\/revisions"}],"predecessor-version":[{"id":1201,"href":"https:\/\/texcon.de\/index.php?rest_route=\/wp\/v2\/pages\/53\/revisions\/1201"}],"up":[{"embeddable":true,"href":"https:\/\/texcon.de\/index.php?rest_route=\/wp\/v2\/pages\/21"}],"wp:attachment":[{"href":"https:\/\/texcon.de\/index.php?rest_route=%2Fwp%2Fv2%2Fmedia&parent=53"}],"curies":[{"name":"wp","href":"https:\/\/api.w.org\/{rel}","templated":true}]}}