{"id":41,"date":"2017-01-17T14:45:20","date_gmt":"2017-01-17T13:45:20","guid":{"rendered":"http:\/\/texcon.de\/_texcon_wordpress\/?page_id=41"},"modified":"2019-02-14T11:26:30","modified_gmt":"2019-02-14T10:26:30","slug":"submarine-ascape","status":"publish","type":"page","link":"https:\/\/texcon.de\/?page_id=41","title":{"rendered":"Submarine Escape"},"content":{"rendered":"\n\t\t\t\t<img loading=\"lazy\" src=\"https:\/\/texcon.de\/_texcon_wordpress\/wp-content\/uploads\/2017\/01\/smerwg2012-4.jpg\" alt=\"smerwg2012-4\" itemprop=\"image\" height=\"2333\" width=\"2471\" title=\"smerwg2012-4\" onerror=\"this.style.display='none'\"  \/>\n\t<p><strong>SESSPE (Submarine Escape and Surface Survival Personnel Equipment)<\/strong><\/p>\n<p>U-Boot Rettungsanz\u00fcge mit integriertem 1-Mann Rettungsboot f\u00fcr den Notausstieg bis 310 Meter Wassertiefe.<\/p>\n<ul>\n<li>Varianten f\u00fcr Trunk-Escape und Compartment-Escape verf\u00fcgbar.<\/li>\n<li>Im Einsatz bei folgenden Marinen: Royal Netherlands Navy, Royal Norwegian Navy, Royal Swedish Navy, French Navy, Republic of Korea Navy, Chilean Navy, Brazilean Navy<\/li>\n<li>Verst\u00e4rkte Versionen f\u00fcr den Trainingseinsatz stehen zur Verf\u00fcgung<\/li>\n<\/ul>\n\t\t\t<a href=\"https:\/\/www.youtube.com\/watch?v=LzYuZ3IIgog&#038;feature=youtu.be\" data-rel=\"lightbox-video-0\" target=\"_self\" role=\"button\">\n\t\t\t\t\t\t\tSESSPE TRAINING VIDEO\n\t\t\t\t\t<\/a>\n\t\t\t\t<img loading=\"lazy\" src=\"https:\/\/texcon.de\/_texcon_wordpress\/wp-content\/uploads\/2017\/01\/IMG_5042.jpg\" alt=\"IMG_5042\" itemprop=\"image\" height=\"683\" width=\"672\" title=\"IMG_5042\" onerror=\"this.style.display='none'\"  \/>\n","protected":false},"excerpt":{"rendered":"<p>SESSPE (Submarine Escape and Surface Survival Personnel Equipment) U-Boot Rettungsanz\u00fcge mit integriertem 1-Mann Rettungsboot f\u00fcr den Notausstieg bis 310 Meter Wassertiefe. Varianten f\u00fcr Trunk-Escape und Compartment-Escape verf\u00fcgbar. Im Einsatz bei folgenden Marinen: Royal Netherlands Navy, Royal Norwegian Navy, Royal Swedish Navy, French Navy, Republic of Korea Navy, Chilean Navy, Brazilean Navy Verst\u00e4rkte Versionen f\u00fcr den&#8230;<\/p>\n","protected":false},"author":1,"featured_media":0,"parent":21,"menu_order":3,"comment_status":"closed","ping_status":"closed","template":"full-width-page.php","meta":[],"_links":{"self":[{"href":"https:\/\/texcon.de\/index.php?rest_route=\/wp\/v2\/pages\/41"}],"collection":[{"href":"https:\/\/texcon.de\/index.php?rest_route=\/wp\/v2\/pages"}],"about":[{"href":"https:\/\/texcon.de\/index.php?rest_route=\/wp\/v2\/types\/page"}],"author":[{"embeddable":true,"href":"https:\/\/texcon.de\/index.php?rest_route=\/wp\/v2\/users\/1"}],"replies":[{"embeddable":true,"href":"https:\/\/texcon.de\/index.php?rest_route=%2Fwp%2Fv2%2Fcomments&post=41"}],"version-history":[{"count":14,"href":"https:\/\/texcon.de\/index.php?rest_route=\/wp\/v2\/pages\/41\/revisions"}],"predecessor-version":[{"id":1238,"href":"https:\/\/texcon.de\/index.php?rest_route=\/wp\/v2\/pages\/41\/revisions\/1238"}],"up":[{"embeddable":true,"href":"https:\/\/texcon.de\/index.php?rest_route=\/wp\/v2\/pages\/21"}],"wp:attachment":[{"href":"https:\/\/texcon.de\/index.php?rest_route=%2Fwp%2Fv2%2Fmedia&parent=41"}],"curies":[{"name":"wp","href":"https:\/\/api.w.org\/{rel}","templated":true}]}}