{"id":373,"date":"2017-02-02T12:34:53","date_gmt":"2017-02-02T11:34:53","guid":{"rendered":"http:\/\/texcon.de\/_texcon_wordpress\/?page_id=373"},"modified":"2019-02-09T15:49:13","modified_gmt":"2019-02-09T14:49:13","slug":"reperaturen","status":"publish","type":"page","link":"https:\/\/texcon.de\/?page_id=373","title":{"rendered":"Reparatur"},"content":{"rendered":"\n<h3>\n\t\tRaparatur<br \/>\n\t<\/h3>\n<p>TEXCON f\u00fchrt Instandhaltung und Reparaturen an allen textilen Ger\u00e4ten aus.<\/p>\n<p>Bei Sch\u00e4den mit\u00a0Beeintr\u00e4chtigung der Dichtigkeit sind wir in Lage technisch einwandfreie und dauerhafte Wiederherstellung der Eigenschaften auszuf\u00fchren. Wir f\u00fchren auch Tiefenreinigung und Auffrischung gummierter Gewebe durch.<\/p>\n<p>Grunds\u00e4tzlich erstellen wir nach der Bestandsaufnahme im Werk ein verbindliches Kostenangebot und f\u00fchren die Reparatur schnell und einwandfrei durch.<\/p>\n<p>Wir sind in der Lage kompetente Reparaturteams in\u00a0dringenden F\u00e4llen umgehend an jeden Ort zu entsenden.<\/p>\n","protected":false},"excerpt":{"rendered":"<p>Raparatur TEXCON f\u00fchrt Instandhaltung und Reparaturen an allen textilen Ger\u00e4ten aus. Bei Sch\u00e4den mit\u00a0Beeintr\u00e4chtigung der Dichtigkeit sind wir in Lage technisch einwandfreie und dauerhafte Wiederherstellung der Eigenschaften auszuf\u00fchren. Wir f\u00fchren auch Tiefenreinigung und Auffrischung gummierter Gewebe durch. Grunds\u00e4tzlich erstellen wir nach der Bestandsaufnahme im Werk ein verbindliches Kostenangebot und f\u00fchren die Reparatur schnell und einwandfrei&#8230;<\/p>\n","protected":false},"author":1,"featured_media":0,"parent":23,"menu_order":2,"comment_status":"closed","ping_status":"closed","template":"full-width-page.php","meta":[],"_links":{"self":[{"href":"https:\/\/texcon.de\/index.php?rest_route=\/wp\/v2\/pages\/373"}],"collection":[{"href":"https:\/\/texcon.de\/index.php?rest_route=\/wp\/v2\/pages"}],"about":[{"href":"https:\/\/texcon.de\/index.php?rest_route=\/wp\/v2\/types\/page"}],"author":[{"embeddable":true,"href":"https:\/\/texcon.de\/index.php?rest_route=\/wp\/v2\/users\/1"}],"replies":[{"embeddable":true,"href":"https:\/\/texcon.de\/index.php?rest_route=%2Fwp%2Fv2%2Fcomments&post=373"}],"version-history":[{"count":8,"href":"https:\/\/texcon.de\/index.php?rest_route=\/wp\/v2\/pages\/373\/revisions"}],"predecessor-version":[{"id":1163,"href":"https:\/\/texcon.de\/index.php?rest_route=\/wp\/v2\/pages\/373\/revisions\/1163"}],"up":[{"embeddable":true,"href":"https:\/\/texcon.de\/index.php?rest_route=\/wp\/v2\/pages\/23"}],"wp:attachment":[{"href":"https:\/\/texcon.de\/index.php?rest_route=%2Fwp%2Fv2%2Fmedia&parent=373"}],"curies":[{"name":"wp","href":"https:\/\/api.w.org\/{rel}","templated":true}]}}