{"id":369,"date":"2017-02-02T12:34:34","date_gmt":"2017-02-02T11:34:34","guid":{"rendered":"http:\/\/texcon.de\/_texcon_wordpress\/?page_id=369"},"modified":"2019-02-09T15:07:55","modified_gmt":"2019-02-09T14:07:55","slug":"entwicklung","status":"publish","type":"page","link":"https:\/\/texcon.de\/?page_id=369","title":{"rendered":"Entwicklung"},"content":{"rendered":"<p><br \/>\n\t\t\t\t<img loading=\"lazy\" src=\"https:\/\/texcon.de\/_texcon_wordpress\/wp-content\/uploads\/2017\/02\/787-slide.jpg\" alt=\"787 slide\" itemprop=\"image\" height=\"3275\" width=\"3930\" title=\"787 slide\"  \/><\/p>\n<h3>\n\t\tProduktentwicklung<br \/>\n\t<\/h3>\n<p>TEXCON entwickelt seine Produkte immer f\u00fcr einen besonderen Kundennutzen. Basierend auf einem breiten Wissen und der gro\u00dfen Bandbreite der realisierten Anwendungen werden die Produkte erstellt.<\/p>\n<p>Unsere Entwicklung ist eng mit der Produktion verzahnt, so dass einzelne Entwicklungsstufen sofort verifiziert werden und schnell Prototypen hergestellt werden k\u00f6nnen.<\/p>\n<p>Wir verf\u00fcgen \u00fcber unsere eigene Wissensdatenbank mit einer sehr gro\u00dfer Vielfalt an Materialien und Komponenten. Wir sind immer damit besch\u00e4ftigt, neue Materialien und Verfahren in unsere Entwicklungen einzubinden.<\/p>\n<p>Unsere Entwicklungst\u00e4tigkeit\u00a0umfasst sowohl den textilen K\u00f6rper, wie auch notwendige Komponenten und Interfaces. Dazu geh\u00f6ren Ventile, Konnektoren und Aktivierungseinheiten.<\/p>\n<p>Die schnelle Herstellung von Prototypen f\u00fcr Komponenten und \u00a0Interfaces erledigen wir mit dem 3D Druck.<\/p>\n<p>\t\t\t\t<img loading=\"lazy\" src=\"https:\/\/texcon.de\/_texcon_wordpress\/wp-content\/uploads\/2017\/02\/Grafik2.jpg\" alt=\"Grafik2\" itemprop=\"image\" height=\"833\" width=\"2267\" title=\"Grafik2\"  \/><br \/>\n\t\t\t\t<img loading=\"lazy\" src=\"https:\/\/texcon.de\/_texcon_wordpress\/wp-content\/uploads\/2017\/01\/UE-Ventil.jpg\" alt=\"UE-Ventil\" itemprop=\"image\" height=\"274\" width=\"350\" title=\"UE-Ventil\"  \/><\/p>\n","protected":false},"excerpt":{"rendered":"<p>Produktentwicklung TEXCON entwickelt seine Produkte immer f\u00fcr einen besonderen Kundennutzen. Basierend auf einem breiten Wissen und der gro\u00dfen Bandbreite der realisierten Anwendungen werden die Produkte erstellt. Unsere Entwicklung ist eng mit der Produktion verzahnt, so dass einzelne Entwicklungsstufen sofort verifiziert werden und schnell Prototypen hergestellt werden k\u00f6nnen. Wir verf\u00fcgen \u00fcber unsere eigene Wissensdatenbank mit einer&#8230;<\/p>\n","protected":false},"author":1,"featured_media":0,"parent":23,"menu_order":2,"comment_status":"closed","ping_status":"closed","template":"full-width-page.php","meta":[],"_links":{"self":[{"href":"https:\/\/texcon.de\/index.php?rest_route=\/wp\/v2\/pages\/369"}],"collection":[{"href":"https:\/\/texcon.de\/index.php?rest_route=\/wp\/v2\/pages"}],"about":[{"href":"https:\/\/texcon.de\/index.php?rest_route=\/wp\/v2\/types\/page"}],"author":[{"embeddable":true,"href":"https:\/\/texcon.de\/index.php?rest_route=\/wp\/v2\/users\/1"}],"replies":[{"embeddable":true,"href":"https:\/\/texcon.de\/index.php?rest_route=%2Fwp%2Fv2%2Fcomments&post=369"}],"version-history":[{"count":10,"href":"https:\/\/texcon.de\/index.php?rest_route=\/wp\/v2\/pages\/369\/revisions"}],"predecessor-version":[{"id":1154,"href":"https:\/\/texcon.de\/index.php?rest_route=\/wp\/v2\/pages\/369\/revisions\/1154"}],"up":[{"embeddable":true,"href":"https:\/\/texcon.de\/index.php?rest_route=\/wp\/v2\/pages\/23"}],"wp:attachment":[{"href":"https:\/\/texcon.de\/index.php?rest_route=%2Fwp%2Fv2%2Fmedia&parent=369"}],"curies":[{"name":"wp","href":"https:\/\/api.w.org\/{rel}","templated":true}]}}