{"id":1218,"date":"2019-02-13T19:21:12","date_gmt":"2019-02-13T18:21:12","guid":{"rendered":"http:\/\/texcon.de\/_texcon_wordpress?page_id=1218"},"modified":"2019-02-15T14:24:27","modified_gmt":"2019-02-15T13:24:27","slug":"rib-komponenten","status":"publish","type":"page","link":"https:\/\/texcon.de\/?page_id=1218","title":{"rendered":"RIB Komponenten"},"content":{"rendered":"\n\n\t<p><strong>RIB (Rigid Inflatable Boat) Komponenten<\/strong><\/p>\n<p>Texcon produziert ma\u00dfgenaue Fenderschl\u00e4uche und Aufrichtsysteme f\u00fcr Hersteller von RIB&#8217;s. Design und Ausstattung sind vollst\u00e4ndig individuell auf den Einsatzzweck abgestimmt:<\/p>\n<ul>\n<li>Workboat<\/li>\n<li>Military Boat<\/li>\n<li>SOLAS-Rescueboat<\/li>\n<li>Yachttender<\/li>\n<li>F\u00fcr alle Produkte werden ausschlie\u00dflich ORCA Materialien eingesetzt:<\/li>\n<\/ul>\n<p>Materialvarianten:<\/p>\n<ul>\n<li>Hypalon (geklebt)<\/li>\n<li>Polyurethan (hochfrequenz-geschwei\u00dft)<\/li>\n<\/ul>\n\t\t\t\t<img loading=\"lazy\" width=\"3168\" height=\"2072\" title=\"IMG_1748Beab\" onerror=\"this.style.display='none'\" alt=\"IMG_1748Beab\" src=\"https:\/\/texcon.de\/_texcon_wordpress\/wp-content\/uploads\/2018\/11\/IMG_1748Beab.jpg\" itemprop=\"image\">\n\t\t\t\t<img loading=\"lazy\" width=\"291\" height=\"500\" title=\"50Bow3\" onerror=\"this.style.display='none'\" alt=\"50Bow3\" src=\"https:\/\/texcon.de\/_texcon_wordpress\/wp-content\/uploads\/2019\/02\/50Bow3-e1549493950816.jpg\" itemprop=\"image\">\n\t<p><strong>RIB Fender<\/strong><\/p>\n<p>TEXCON produziert RIB Fender in verschiedenen Formen und Ausf\u00fchrung nach Kundenanforderung. Die Form wird der Rumpfschale spannungsfrei angepasst. Rumpfanbindungen stehen als Klebe-, Schraub- oder Kedervariante zur Verf\u00fcgung.<\/p>\n<ul>\n<li>Hochpr\u00e4zise Nachtausf\u00fchrung ohne sichtbare Aufrauhbereiche<\/li>\n<li>Minimierte Sichtbarkeit der innenliegenden Schottensegmente<\/li>\n<li>Alle luft-beaufschlagten N\u00e4hte zus\u00e4tzlich von innen mit Nahtdichtband gesichert<\/li>\n<li>Beschriftungen als Insert mit Laser-geschnittenen Schablonen<\/li>\n<\/ul>\n\n\t\t\t\t<img loading=\"lazy\" width=\"248\" height=\"600\" title=\"50Ends3\" onerror=\"this.style.display='none'\" alt=\"50Ends3\" src=\"https:\/\/texcon.de\/_texcon_wordpress\/wp-content\/uploads\/2019\/02\/50Ends3-e1549494019419.jpg\" itemprop=\"image\">\n\n\t<p><strong>Aufrichtsysteme<\/strong><\/p>\n<p>TEXCON produziert individuell angepasste Aufrichtsysteme mit integrierter CO2&nbsp;Aufblaseinheit f\u00fcr Boote jeder Gr\u00f6\u00dfe.<\/p>\n<p>Verschiedene Sondervarianten f\u00fcr die direkte Montage an Deck oder am U-Frame stehen zur Verf\u00fcgung.<\/p>\n\t\t\t\t<img loading=\"lazy\" width=\"1806\" height=\"877\" title=\"aufricht\" onerror=\"this.style.display='none'\" alt=\"aufricht\" src=\"https:\/\/texcon.de\/_texcon_wordpress\/wp-content\/uploads\/2019\/02\/aufricht.jpg\" itemprop=\"image\">\n","protected":false},"excerpt":{"rendered":"<p>RIB (Rigid Inflatable Boat) Komponenten Texcon produziert ma\u00dfgenaue Fenderschl\u00e4uche und Aufrichtsysteme f\u00fcr Hersteller von RIB&#8217;s. Design und Ausstattung sind vollst\u00e4ndig individuell auf den Einsatzzweck abgestimmt: Workboat Military Boat SOLAS-Rescueboat Yachttender F\u00fcr alle Produkte werden ausschlie\u00dflich ORCA Materialien eingesetzt: Materialvarianten: Hypalon (geklebt) Polyurethan (hochfrequenz-geschwei\u00dft) RIB Fender TEXCON produziert RIB Fender in verschiedenen Formen und Ausf\u00fchrung nach&#8230;<\/p>\n","protected":false},"author":1,"featured_media":0,"parent":21,"menu_order":0,"comment_status":"closed","ping_status":"closed","template":"full-width-page.php","meta":[],"_links":{"self":[{"href":"https:\/\/texcon.de\/index.php?rest_route=\/wp\/v2\/pages\/1218"}],"collection":[{"href":"https:\/\/texcon.de\/index.php?rest_route=\/wp\/v2\/pages"}],"about":[{"href":"https:\/\/texcon.de\/index.php?rest_route=\/wp\/v2\/types\/page"}],"author":[{"embeddable":true,"href":"https:\/\/texcon.de\/index.php?rest_route=\/wp\/v2\/users\/1"}],"replies":[{"embeddable":true,"href":"https:\/\/texcon.de\/index.php?rest_route=%2Fwp%2Fv2%2Fcomments&post=1218"}],"version-history":[{"count":9,"href":"https:\/\/texcon.de\/index.php?rest_route=\/wp\/v2\/pages\/1218\/revisions"}],"predecessor-version":[{"id":1302,"href":"https:\/\/texcon.de\/index.php?rest_route=\/wp\/v2\/pages\/1218\/revisions\/1302"}],"up":[{"embeddable":true,"href":"https:\/\/texcon.de\/index.php?rest_route=\/wp\/v2\/pages\/21"}],"wp:attachment":[{"href":"https:\/\/texcon.de\/index.php?rest_route=%2Fwp%2Fv2%2Fmedia&parent=1218"}],"curies":[{"name":"wp","href":"https:\/\/api.w.org\/{rel}","templated":true}]}}